{"id":553,"date":"2024-11-29T07:44:09","date_gmt":"2024-11-29T07:44:09","guid":{"rendered":"https:\/\/acumehub.com\/?page_id=553"},"modified":"2025-01-19T16:06:45","modified_gmt":"2025-01-19T16:06:45","slug":"chi-siamo","status":"publish","type":"page","link":"https:\/\/acumehub.com\/?page_id=553","title":{"rendered":"CHI SIAMO"},"content":{"rendered":"\t\t<div data-elementor-type=\"wp-page\" data-elementor-id=\"553\" class=\"elementor elementor-553\" data-elementor-post-type=\"page\">\n\t\t\t\t<div class=\"elementor-element elementor-element-67b47364 e-flex e-con-boxed e-con e-parent\" data-id=\"67b47364\" data-element_type=\"container\" data-settings=\"{&quot;background_background&quot;:&quot;classic&quot;}\">\n\t\t\t\t\t<div class=\"e-con-inner\">\n\t\t\t\t<div class=\"elementor-element elementor-element-15ee9684 elementor--v-position-top elementor-widget__width-inherit elementor--h-position-center elementor-arrows-position-inside elementor-pagination-position-inside elementor-widget elementor-widget-slides\" data-id=\"15ee9684\" data-element_type=\"widget\" data-settings=\"{&quot;navigation&quot;:&quot;both&quot;,&quot;autoplay&quot;:&quot;yes&quot;,&quot;pause_on_hover&quot;:&quot;yes&quot;,&quot;pause_on_interaction&quot;:&quot;yes&quot;,&quot;autoplay_speed&quot;:5000,&quot;infinite&quot;:&quot;yes&quot;,&quot;transition&quot;:&quot;slide&quot;,&quot;transition_speed&quot;:500}\" data-widget_type=\"slides.default\">\n\t\t\t\t<div class=\"elementor-widget-container\">\n\t\t\t\t\t\t\t<div class=\"elementor-swiper\">\n\t\t\t<div class=\"elementor-slides-wrapper elementor-main-swiper swiper\" dir=\"ltr\" data-animation=\"fadeInUp\">\n\t\t\t\t<div class=\"swiper-wrapper elementor-slides\">\n\t\t\t\t\t\t\t\t\t\t<div class=\"elementor-repeater-item-7021b95 swiper-slide\"><div class=\"swiper-slide-bg elementor-ken-burns elementor-ken-burns--in\" role=\"img\"><\/div><div class=\"elementor-background-overlay\"><\/div><a class=\"swiper-slide-inner\" href=\"https:\/\/acumehub.com\/?page_id=44\"><div class=\"swiper-slide-contents\"><div class=\"elementor-slide-heading\">Siamo un ecosistema decentralizzato<\/div><div class=\"elementor-slide-description\">per chi ha il coraggio di creare, innovare e cambiare le regole del gioco.<\/div><div  class=\"elementor-button elementor-slide-button elementor-size-sm\">NOSTRO NETWORK<\/div><\/div><\/a><\/div>\t\t\t\t<\/div>\n\t\t\t\t\t\t\t<\/div>\n\t\t<\/div>\n\t\t\t\t\t\t<\/div>\n\t\t\t\t<\/div>\n\t\t\t\t\t<\/div>\n\t\t\t\t<\/div>\n\t\t<div class=\"elementor-element elementor-element-45ffc399 e-con-full e-flex e-con e-parent\" data-id=\"45ffc399\" data-element_type=\"container\" data-settings=\"{&quot;background_background&quot;:&quot;classic&quot;}\">\n\t\t\t\t<div class=\"elementor-element elementor-element-51ed3ef elementor-widget__width-initial elementor-widget-tablet__width-inherit elementor-widget elementor-widget-image\" data-id=\"51ed3ef\" data-element_type=\"widget\" data-widget_type=\"image.default\">\n\t\t\t\t\t\t\t\t\t\t\t\t\t\t\t<img fetchpriority=\"high\" decoding=\"async\" width=\"800\" height=\"800\" src=\"https:\/\/acumehub.com\/wp-content\/uploads\/2024\/11\/a-black-and-white-photo-of-three-people-wearing-su-E-Ef_9gtRriCDg608Stt6Q-RzUM3o9iR327j0GZwfobig.png\" class=\"attachment-large size-large wp-image-411\" alt=\"\" srcset=\"https:\/\/acumehub.com\/wp-content\/uploads\/2024\/11\/a-black-and-white-photo-of-three-people-wearing-su-E-Ef_9gtRriCDg608Stt6Q-RzUM3o9iR327j0GZwfobig.png 1024w, https:\/\/acumehub.com\/wp-content\/uploads\/2024\/11\/a-black-and-white-photo-of-three-people-wearing-su-E-Ef_9gtRriCDg608Stt6Q-RzUM3o9iR327j0GZwfobig-300x300.png 300w, https:\/\/acumehub.com\/wp-content\/uploads\/2024\/11\/a-black-and-white-photo-of-three-people-wearing-su-E-Ef_9gtRriCDg608Stt6Q-RzUM3o9iR327j0GZwfobig-150x150.png 150w, https:\/\/acumehub.com\/wp-content\/uploads\/2024\/11\/a-black-and-white-photo-of-three-people-wearing-su-E-Ef_9gtRriCDg608Stt6Q-RzUM3o9iR327j0GZwfobig-768x768.png 768w\" sizes=\"(max-width: 800px) 100vw, 800px\" \/>\t\t\t\t\t\t\t\t\t\t\t\t\t\t\t<\/div>\n\t\t<div class=\"elementor-element elementor-element-12257f83 e-con-full e-flex e-con e-child\" data-id=\"12257f83\" data-element_type=\"container\">\n\t\t\t\t<div class=\"elementor-element elementor-element-1abc39c2 elementor-widget elementor-widget-heading\" data-id=\"1abc39c2\" data-element_type=\"widget\" data-widget_type=\"heading.default\">\n\t\t\t\t\t<p class=\"elementor-heading-title elementor-size-default\">NOSTRA MISSIONE<\/p>\t\t\t\t<\/div>\n\t\t\t\t<div class=\"elementor-element elementor-element-740ec986 elementor-widget elementor-widget-heading\" data-id=\"740ec986\" data-element_type=\"widget\" data-widget_type=\"heading.default\">\n\t\t\t\t\t<h2 class=\"elementor-heading-title elementor-size-default\">Acume Hub non \u00e8 una scuola.<\/h2>\t\t\t\t<\/div>\n\t\t\t\t<div class=\"elementor-element elementor-element-1c406d26 elementor-widget elementor-widget-text-editor\" data-id=\"1c406d26\" data-element_type=\"widget\" data-widget_type=\"text-editor.default\">\n\t\t\t\t\t\t\t\t\t<p>Non \u00e8 solo un network: \u00e8 un <b>ecosistema decentralizzato<\/b> progettato per rivoluzionare il modo in cui il design prende vita.<\/p><p>In un mondo frammentato, dove il caos spesso prende il sopravvento, <b>Acume Hub connette idee, persone e strumenti\u00a0<\/b>per trasformare ogni progetto in una storia coerente e significativa. Siamo qui per aiutarti a diventare un <b>Design Integrator<\/b>, un leader creativo che unisce strategia, creativit\u00e0 e tecnologia per creare progetti che lasciano il segno.<\/p><p><b>Acume non \u00e8 il traguardo: \u00e8 il punto di partenza.<\/b><br \/>Con noi, impari, collabori e costruisci il futuro del design.<\/p>\t\t\t\t\t\t\t\t<\/div>\n\t\t\t\t<div class=\"elementor-element elementor-element-5bc8c7bc elementor-align-left elementor-tablet-align-center elementor-widget elementor-widget-button\" data-id=\"5bc8c7bc\" data-element_type=\"widget\" data-widget_type=\"button.default\">\n\t\t\t\t\t\t\t\t\t\t<a class=\"elementor-button elementor-button-link elementor-size-sm elementor-animation-grow\" href=\"#\">\n\t\t\t\t\t\t<span class=\"elementor-button-content-wrapper\">\n\t\t\t\t\t\t\t\t\t<span class=\"elementor-button-text\">SCPRO NOSTRI CORSI<\/span>\n\t\t\t\t\t<\/span>\n\t\t\t\t\t<\/a>\n\t\t\t\t\t\t\t\t<\/div>\n\t\t\t\t<\/div>\n\t\t\t\t<\/div>\n\t\t<div class=\"elementor-element elementor-element-12222df8 e-con-full e-flex e-con e-parent\" data-id=\"12222df8\" data-element_type=\"container\" data-settings=\"{&quot;background_background&quot;:&quot;classic&quot;}\">\n\t\t\t\t<div class=\"elementor-element elementor-element-65551b50 elementor-widget elementor-widget-heading\" data-id=\"65551b50\" data-element_type=\"widget\" data-widget_type=\"heading.default\">\n\t\t\t\t\t<h1 class=\"elementor-heading-title elementor-size-default\">Cosa Facciamo ?<\/h1>\t\t\t\t<\/div>\n\t\t\t\t<div class=\"elementor-element elementor-element-1455ac5f elementor-widget elementor-widget-text-editor\" data-id=\"1455ac5f\" data-element_type=\"widget\" data-widget_type=\"text-editor.default\">\n\t\t\t\t\t\t\t\t\t<p>In<b> Acume Hub<\/b>, offriamo una formazione avanzata basata su una metodologia sviluppata da esperti di <b>Design Thinking e Design Strategico.<\/b> I nostri corsi ti aiutano a trasformare idee frammentate in progetti coerenti e innovativi.<\/p>\n<p>Integriamo<b> AI tools<\/b> per:<\/p>\t\t\t\t\t\t\t\t<\/div>\n\t\t<div class=\"elementor-element elementor-element-3d29d358 e-flex e-con-boxed e-con e-child\" data-id=\"3d29d358\" data-element_type=\"container\">\n\t\t\t\t\t<div class=\"e-con-inner\">\n\t\t<div class=\"elementor-element elementor-element-41534032 e-con-full e-flex elementor-invisible e-con e-child\" data-id=\"41534032\" data-element_type=\"container\" data-settings=\"{&quot;animation&quot;:&quot;fadeInUp&quot;}\">\n\t\t\t\t<div class=\"elementor-element elementor-element-7c7d3909 elementor-cta--layout-image-above elementor-cta--valign-middle elementor-cta--skin-classic elementor-animated-content elementor-bg-transform elementor-bg-transform-zoom-in elementor-widget elementor-widget-call-to-action\" data-id=\"7c7d3909\" data-element_type=\"widget\" data-widget_type=\"call-to-action.default\">\n\t\t\t\t<div class=\"elementor-widget-container\">\n\t\t\t\t\t\t\t<div class=\"elementor-cta\">\n\t\t\t\t\t<div class=\"elementor-cta__bg-wrapper\">\n\t\t\t\t<div class=\"elementor-cta__bg elementor-bg\" style=\"background-image: url(https:\/\/acumehub.com\/wp-content\/uploads\/2025\/01\/acume-template_-1024x683.jpg);\" role=\"img\" aria-label=\"Strategic design template\"><\/div>\n\t\t\t\t<div class=\"elementor-cta__bg-overlay\"><\/div>\n\t\t\t<\/div>\n\t\t\t\t\t\t\t<div class=\"elementor-cta__content\">\n\t\t\t\t\n\t\t\t\t\t\t\t\t\t<h3 class=\"elementor-cta__title elementor-cta__content-item elementor-content-item\">\n\t\t\t\t\t\tAccelerare \t\t\t\t\t<\/h3>\n\t\t\t\t\n\t\t\t\t\t\t\t\t\t<div class=\"elementor-cta__description elementor-cta__content-item elementor-content-item\">\n\t\t\t\t\t\tAccelerare la progettazione e liberare tempo per la creativit\u00e0.\t\t\t\t\t<\/div>\n\t\t\t\t\n\t\t\t\t\t\t\t<\/div>\n\t\t\t\t\t\t<\/div>\n\t\t\t\t\t\t<\/div>\n\t\t\t\t<\/div>\n\t\t\t\t<div class=\"elementor-element elementor-element-34525ad8 elementor-widget elementor-widget-button\" data-id=\"34525ad8\" data-element_type=\"widget\" data-widget_type=\"button.default\">\n\t\t\t\t\t\t\t\t\t\t<a class=\"elementor-button elementor-button-link elementor-size-sm elementor-animation-float\" href=\"#\">\n\t\t\t\t\t\t<span class=\"elementor-button-content-wrapper\">\n\t\t\t\t\t\t\t\t\t<span class=\"elementor-button-text\">Read More<\/span>\n\t\t\t\t\t<\/span>\n\t\t\t\t\t<\/a>\n\t\t\t\t\t\t\t\t<\/div>\n\t\t\t\t<\/div>\n\t\t<div class=\"elementor-element elementor-element-724763d4 e-con-full e-flex elementor-invisible e-con e-child\" data-id=\"724763d4\" data-element_type=\"container\" data-settings=\"{&quot;animation&quot;:&quot;fadeInUp&quot;,&quot;animation_delay&quot;:&quot;200&quot;}\">\n\t\t\t\t<div class=\"elementor-element elementor-element-4675f405 elementor-cta--layout-image-above elementor-cta--valign-middle elementor-cta--skin-classic elementor-animated-content elementor-bg-transform elementor-bg-transform-zoom-in elementor-widget elementor-widget-call-to-action\" data-id=\"4675f405\" data-element_type=\"widget\" data-widget_type=\"call-to-action.default\">\n\t\t\t\t<div class=\"elementor-widget-container\">\n\t\t\t\t\t\t\t<div class=\"elementor-cta\">\n\t\t\t\t\t<div class=\"elementor-cta__bg-wrapper\">\n\t\t\t\t<div class=\"elementor-cta__bg elementor-bg\" style=\"background-image: url(https:\/\/acumehub.com\/wp-content\/uploads\/2024\/11\/0NKphFTyTymR7H4X_OWyOA-1024x576.webp);\" role=\"img\" aria-label=\"strategic concept design for interior\"><\/div>\n\t\t\t\t<div class=\"elementor-cta__bg-overlay\"><\/div>\n\t\t\t<\/div>\n\t\t\t\t\t\t\t<div class=\"elementor-cta__content\">\n\t\t\t\t\n\t\t\t\t\t\t\t\t\t<h3 class=\"elementor-cta__title elementor-cta__content-item elementor-content-item\">\n\t\t\t\t\t\tAnalizzare\t\t\t\t\t<\/h3>\n\t\t\t\t\n\t\t\t\t\t\t\t\t\t<div class=\"elementor-cta__description elementor-cta__content-item elementor-content-item\">\n\t\t\t\t\t\tAnalizzare trend di mercato in modo rapido e preciso.\t\t\t\t\t<\/div>\n\t\t\t\t\n\t\t\t\t\t\t\t<\/div>\n\t\t\t\t\t\t<\/div>\n\t\t\t\t\t\t<\/div>\n\t\t\t\t<\/div>\n\t\t\t\t<div class=\"elementor-element elementor-element-aca3e7a elementor-widget elementor-widget-button\" data-id=\"aca3e7a\" data-element_type=\"widget\" data-widget_type=\"button.default\">\n\t\t\t\t\t\t\t\t\t\t<a class=\"elementor-button elementor-button-link elementor-size-sm elementor-animation-float\" href=\"#\">\n\t\t\t\t\t\t<span class=\"elementor-button-content-wrapper\">\n\t\t\t\t\t\t\t\t\t<span class=\"elementor-button-text\">Read More<\/span>\n\t\t\t\t\t<\/span>\n\t\t\t\t\t<\/a>\n\t\t\t\t\t\t\t\t<\/div>\n\t\t\t\t<\/div>\n\t\t<div class=\"elementor-element elementor-element-e0983e9 e-con-full e-flex elementor-invisible e-con e-child\" data-id=\"e0983e9\" data-element_type=\"container\" data-settings=\"{&quot;animation&quot;:&quot;fadeInUp&quot;,&quot;animation_delay&quot;:&quot;300&quot;}\">\n\t\t\t\t<div class=\"elementor-element elementor-element-1d3c201c elementor-cta--layout-image-above elementor-cta--valign-middle elementor-cta--skin-classic elementor-animated-content elementor-bg-transform elementor-bg-transform-zoom-in elementor-widget elementor-widget-call-to-action\" data-id=\"1d3c201c\" data-element_type=\"widget\" data-widget_type=\"call-to-action.default\">\n\t\t\t\t<div class=\"elementor-widget-container\">\n\t\t\t\t\t\t\t<div class=\"elementor-cta\">\n\t\t\t\t\t<div class=\"elementor-cta__bg-wrapper\">\n\t\t\t\t<div class=\"elementor-cta__bg elementor-bg\" style=\"background-image: url(https:\/\/acumehub.com\/wp-content\/uploads\/2024\/11\/a-photo-of-a-minimal-interior-design-concept-retai-Mof9i1oxQoyxuOs_SSHInw-1lgKIIIgSJ6e8XC11U8ZHQ.png);\" role=\"img\" aria-label=\"a-photo-of-a-minimal-interior-design-concept-retai-Mof9i1oxQoyxuOs_SSHInw-1lgKIIIgSJ6e8XC11U8ZHQ\"><\/div>\n\t\t\t\t<div class=\"elementor-cta__bg-overlay\"><\/div>\n\t\t\t<\/div>\n\t\t\t\t\t\t\t<div class=\"elementor-cta__content\">\n\t\t\t\t\n\t\t\t\t\t\t\t\t\t<h3 class=\"elementor-cta__title elementor-cta__content-item elementor-content-item\">\n\t\t\t\t\t\tPrototipare\t\t\t\t\t<\/h3>\n\t\t\t\t\n\t\t\t\t\t\t\t\t\t<div class=\"elementor-cta__description elementor-cta__content-item elementor-content-item\">\n\t\t\t\t\t\tPrototipare idee efficacemente per comunicare la tua visione.\t\t\t\t\t<\/div>\n\t\t\t\t\n\t\t\t\t\t\t\t<\/div>\n\t\t\t\t\t\t<\/div>\n\t\t\t\t\t\t<\/div>\n\t\t\t\t<\/div>\n\t\t\t\t<div class=\"elementor-element elementor-element-5e39795 elementor-widget elementor-widget-button\" data-id=\"5e39795\" data-element_type=\"widget\" data-widget_type=\"button.default\">\n\t\t\t\t\t\t\t\t\t\t<a class=\"elementor-button elementor-button-link elementor-size-sm elementor-animation-float\" href=\"#\">\n\t\t\t\t\t\t<span class=\"elementor-button-content-wrapper\">\n\t\t\t\t\t\t\t\t\t<span class=\"elementor-button-text\">Read More<\/span>\n\t\t\t\t\t<\/span>\n\t\t\t\t\t<\/a>\n\t\t\t\t\t\t\t\t<\/div>\n\t\t\t\t<\/div>\n\t\t\t\t\t<\/div>\n\t\t\t\t<\/div>\n\t\t\t\t<\/div>\n\t\t<div class=\"elementor-element elementor-element-140efc8f e-flex e-con-boxed e-con e-parent\" data-id=\"140efc8f\" data-element_type=\"container\" data-settings=\"{&quot;background_background&quot;:&quot;classic&quot;}\">\n\t\t\t\t\t<div class=\"e-con-inner\">\n\t\t\t\t<div class=\"elementor-element elementor-element-400f997b elementor-widget__width-inherit elementor-headline--style-highlight elementor-widget elementor-widget-animated-headline\" data-id=\"400f997b\" data-element_type=\"widget\" data-settings=\"{&quot;highlighted_text&quot;:&quot;cambiare il mondo&quot;,&quot;headline_style&quot;:&quot;highlight&quot;,&quot;marker&quot;:&quot;circle&quot;,&quot;loop&quot;:&quot;yes&quot;,&quot;highlight_animation_duration&quot;:1200,&quot;highlight_iteration_delay&quot;:8000}\" data-widget_type=\"animated-headline.default\">\n\t\t\t\t<div class=\"elementor-widget-container\">\n\t\t\t\t\t\t\t<h3 class=\"elementor-headline\">\n\t\t\t\t\t<span class=\"elementor-headline-plain-text elementor-headline-text-wrapper\">Progettiamo menti capaci di <\/span>\n\t\t\t\t<span class=\"elementor-headline-dynamic-wrapper elementor-headline-text-wrapper\">\n\t\t\t\t\t<span class=\"elementor-headline-dynamic-text elementor-headline-text-active\">cambiare il mondo<\/span>\n\t\t\t\t<\/span>\n\t\t\t\t<\/h3>\n\t\t\t\t\t\t<\/div>\n\t\t\t\t<\/div>\n\t\t\t\t<div class=\"elementor-element elementor-element-5406193c elementor-widget-mobile__width-initial elementor-widget elementor-widget-heading\" data-id=\"5406193c\" data-element_type=\"widget\" data-widget_type=\"heading.default\">\n\t\t\t\t\t<p class=\"elementor-heading-title elementor-size-default\">Con 'The Mind,' il tuo design non \u00e8 solo bello. <br>\u00c8 intelligente, strategico e impossibile da ignorare.<\/p>\t\t\t\t<\/div>\n\t\t\t\t<div class=\"elementor-element elementor-element-1a1fa07d elementor-widget elementor-widget-heading\" data-id=\"1a1fa07d\" data-element_type=\"widget\" data-widget_type=\"heading.default\">\n\t\t\t\t\t<p class=\"elementor-heading-title elementor-size-default\">Non ti stiamo dando un metodo.<\/p>\t\t\t\t<\/div>\n\t\t\t\t\t<\/div>\n\t\t\t\t<\/div>\n\t\t\t\t<\/div>\n\t\t","protected":false},"excerpt":{"rendered":"<p>Siamo un ecosistema decentralizzatoper chi ha il coraggio di creare, innovare e cambiare le regole del gioco.NOSTRO NETWORK NOSTRA MISSIONE Acume Hub non \u00e8 una scuola. Non \u00e8 solo un network: \u00e8 un ecosistema decentralizzato progettato per rivoluzionare il modo in cui il design prende vita. In un mondo frammentato, dove il caos spesso prende [&hellip;]<\/p>\n","protected":false},"author":1,"featured_media":0,"parent":0,"menu_order":0,"comment_status":"closed","ping_status":"closed","template":"","meta":{"footnotes":""},"class_list":["post-553","page","type-page","status-publish","hentry"],"_links":{"self":[{"href":"https:\/\/acumehub.com\/index.php?rest_route=\/wp\/v2\/pages\/553","targetHints":{"allow":["GET"]}}],"collection":[{"href":"https:\/\/acumehub.com\/index.php?rest_route=\/wp\/v2\/pages"}],"about":[{"href":"https:\/\/acumehub.com\/index.php?rest_route=\/wp\/v2\/types\/page"}],"author":[{"embeddable":true,"href":"https:\/\/acumehub.com\/index.php?rest_route=\/wp\/v2\/users\/1"}],"replies":[{"embeddable":true,"href":"https:\/\/acumehub.com\/index.php?rest_route=%2Fwp%2Fv2%2Fcomments&post=553"}],"version-history":[{"count":32,"href":"https:\/\/acumehub.com\/index.php?rest_route=\/wp\/v2\/pages\/553\/revisions"}],"predecessor-version":[{"id":629,"href":"https:\/\/acumehub.com\/index.php?rest_route=\/wp\/v2\/pages\/553\/revisions\/629"}],"wp:attachment":[{"href":"https:\/\/acumehub.com\/index.php?rest_route=%2Fwp%2Fv2%2Fmedia&parent=553"}],"curies":[{"name":"wp","href":"https:\/\/api.w.org\/{rel}","templated":true}]}}